{"id":54,"date":"2012-01-15T17:13:56","date_gmt":"2012-01-15T17:13:56","guid":{"rendered":"http:\/\/lx.radikovo.cz\/?page_id=54"},"modified":"2025-05-31T08:20:02","modified_gmt":"2025-05-31T08:20:02","slug":"stubai","status":"publish","type":"page","link":"https:\/\/www.lexikonovo.com\/?page_id=54","title":{"rendered":"P\u0159ehled sportovn\u00edch akc\u00ed"},"content":{"rendered":"\n<div class=\"wp-block-image\"><figure class=\"alignright size-large is-resized\"><img loading=\"lazy\" decoding=\"async\" src=\"http:\/\/www.lexikonovo.com\/wp-content\/uploads\/2020\/06\/dres2020-1024x496.jpg\" alt=\"\" class=\"wp-image-6779\" width=\"179\" height=\"86\" srcset=\"https:\/\/www.lexikonovo.com\/wp-content\/uploads\/2020\/06\/dres2020-1024x496.jpg 1024w, https:\/\/www.lexikonovo.com\/wp-content\/uploads\/2020\/06\/dres2020-300x145.jpg 300w, https:\/\/www.lexikonovo.com\/wp-content\/uploads\/2020\/06\/dres2020-768x372.jpg 768w, https:\/\/www.lexikonovo.com\/wp-content\/uploads\/2020\/06\/dres2020-1536x743.jpg 1536w, https:\/\/www.lexikonovo.com\/wp-content\/uploads\/2020\/06\/dres2020-2048x991.jpg 2048w, https:\/\/www.lexikonovo.com\/wp-content\/uploads\/2020\/06\/dres2020-500x242.jpg 500w\" sizes=\"(max-width: 179px) 100vw, 179px\" \/><\/figure><\/div>\n\n\n<p><strong>Zimn\u00ed akce: <\/strong><\/p>\n<ul>\n<li><a title=\"Saalbach 01\/2018\" href=\"http:\/\/www.lexikonovo.com\/?page_id=6664\">Saalbach 01\/2018<\/a><\/li>\n<li><a title=\"S\u00f6lden 01\/2016\" href=\"http:\/\/www.lexikonovo.com\/?page_id=1472\">S\u00f6lden 01\/2016<\/a><\/li>\n<\/ul>\n<p><strong>Letn\u00ed akce: <\/strong><\/p>\n<ul>\n<li>2020 <a title=\"Mimo hlavni akce\" href=\"http:\/\/www.lexikonovo.com\/?page_id=6876\">Tr\u00e9ninky mimo hlavn\u00ed akce<\/a><\/li>\n<li>2008 &#8211; 2017 <a title=\"Dolda - jak \u0161el \u010das\" href=\"http:\/\/www.lexikonovo.com\/?page_id=2788\">Dolda &#8211; jak \u0161el \u010das<\/a><\/li>\n<li>\u0160ternberk &#8211; <a title=\"\u0160ternberk v\u00edce akc\u00ed\" href=\"http:\/\/www.lexikonovo.com\/?page_id=470\"> 2017 + v\u00edce akc\u00ed<\/a><\/li>\n<\/ul>\n<ul>\n<li>2025 <a title=\"Kun\u017eak 05 2025\" href=\"http:\/\/www.lexikonovo.com\/?page_id=7520\">Kun\u017eak 05 2025<\/a><\/li>\n<li>2024 <a title=\"\u010cel\u00e1kovice 06 2024\" href=\"http:\/\/www.lexikonovo.com\/?page_id=7414\">\u010cel\u00e1kovice 06 2024<\/a><\/li>\n<li>2023 <a title=\"Mnichovo Hradi\u0161t\u011b 06 2023\" href=\"http:\/\/www.lexikonovo.com\/?page_id=7320\">Mnichovo Hradi\u0161t\u011b 06 2023<\/a><\/li>\n<li>2022 <a title=\"Hlubok\u00e1 nad Vltavou 05 2022\" href=\"http:\/\/www.lexikonovo.com\/?page_id=7271\">Hlubok\u00e1 nad Vltavou 05 2022<\/a><\/li>\n<li>2021 <a title=\"D\u011b\u010d\u00edn 09 2021\" href=\"http:\/\/www.lexikonovo.com\/?page_id=7072\">D\u011b\u010d\u00edn 09 2021<\/a><\/li>\n<li>2021 <a title=\"Jind\u0159i\u0161 06 2021\" href=\"http:\/\/www.lexikonovo.com\/?page_id=7018\">Jind\u0159i\u0161 06 2021<\/a><\/li>\n<li>2020 <a title=\"Skaln\u00e1, Vild\u0161tejn 06 2020\" href=\"http:\/\/www.lexikonovo.com\/?page_id=6664\">Skaln\u00e1, Vild\u0161tejn 06 2020<\/a>, <a title=\"Nov\u00e1 Ch\u0159ibsk\u00e1 09 2020\" href=\"http:\/\/www.lexikonovo.com\/?page_id=6816\">Nov\u00e1 Ch\u0159ibsk\u00e1 09 2020<\/a><\/li>\n<li>2019 <a title=\"Mari\u00e1nsk\u00e9 L\u00e1zn\u011b 5 2019\" href=\"http:\/\/www.lexikonovo.com\/?page_id=6342\">Mari\u00e1nsk\u00e9 L\u00e1zn\u011b 5 2019<\/a>, <a title=\"Fojtov, kru\u0161n\u00e9 hory 10 2019\" href=\"http:\/\/www.lexikonovo.com\/?page_id=6538\">Fojtov, kru\u0161n\u00e9 hory 10 2019<\/a><\/li>\n<li>2018 <a title=\"M\u00e1chovo jezero 05 2018\" href=\"http:\/\/www.lexikonovo.com\/?page_id=5135\">M\u00e1chovo jezero 05 2018 <\/a>, <a title=\"Mikulov 08 2018\" href=\"http:\/\/www.lexikonovo.com\/?page_id=5762\">Mikulov 08 2018 <\/a>, <a title=\"\u017deliv 10 2018\" href=\"http:\/\/www.lexikonovo.com\/?page_id=5949\">\u017deliv 10 2018 <\/a><\/li>\n<li>2017 <a title=\"Doma\u017elice 05\" href=\"http:\/\/www.lexikonovo.com\/?page_id=2341\">Doma\u017elice 05<\/a>, <a title=\"Jesen\u00edk \" href=\"http:\/\/www.lexikonovo.com\/?page_id=4164\">Jesen\u00edk 09<\/a><\/li>\n<li>2016 <a title=\"Brdy 09\" href=\"http:\/\/www.lexikonovo.com\/?page_id=1926\">Brdy 09 <\/a>, <a title=\"\u010cesk\u00fd R\u00e1j 05\" href=\"http:\/\/www.lexikonovo.com\/?page_id=1008\">\u010cesk\u00fd R\u00e1j 05<\/a><\/li>\n<li>2015 <a title=\"\u0160umava 09\" href=\"http:\/\/www.lexikonovo.com\/?page_id=708\">\u0160umava 09<\/a>, <a title=\"Libu\u0161, Cukr\u00e1k, \u0158itka No LIMIT 07\" href=\"http:\/\/www.lexikonovo.com\/?page_id=697\">Libu\u0161, Cukr\u00e1k, \u0158itka No LIMIT 07<\/a>, <a title=\"Kun\u017eak 05\" href=\"http:\/\/www.lexikonovo.com\/?page_id=671\">Kun\u017eak 05<\/a><\/li>\n<li>2014 <a title=\"Lou\u0148ovice 11\" href=\"http:\/\/www.lexikonovo.com\/?page_id=622\">Lou\u0148ovice 11<\/a>, <a title=\"\u017dlutice 09\" href=\"http:\/\/www.lexikonovo.com\/?page_id=595\">\u017dlutice 09<\/a>, <a title=\"\u0160umava 05\" href=\"http:\/\/www.lexikonovo.com\/?page_id=544\">\u0160umava 05<\/a> MaxBike<\/li>\n<li>2013 <a title=\"Jizerky 09\" href=\"http:\/\/www.lexikonovo.com\/?page_id=438\">Jizerky 09<\/a>, <a title=\"Nov\u00e9 M\u011bsto na Morav\u011b 05\" href=\"http:\/\/www.lexikonovo.com\/?page_id=427\">Nov\u00e9 M\u011bsto na Morav\u011b 05<\/a><\/li>\n<li>2012 <a title=\"Praha \u2013 Cukr\u00e1k 06\" href=\"http:\/\/www.lexikonovo.com\/?page_id=210\">Praha \u2013 Cukr\u00e1k 06<\/a>, <a title=\"\u010cesk\u00e1 Skalice 06\" href=\"http:\/\/www.lexikonovo.com\/?page_id=216\">\u010cesk\u00e1 Skalice 06<\/a><\/li>\n<li>2009 <a title=\"Malevil 05\" href=\"http:\/\/www.lexikonovo.com\/?page_id=223\">Malevil 05<\/a>, <a title=\"Lipno 05\" href=\"http:\/\/www.lexikonovo.com\/?page_id=205\">Lipno 05<\/a>, <a title=\"Mari\u00e1nsk\u00e9 L\u00e1zn\u011b 09\" href=\"http:\/\/www.lexikonovo.com\/?page_id=227\">Mari\u00e1nsk\u00e9 L\u00e1zn\u011b 09<\/a><\/li>\n<li>2008 <a title=\"Author Nova Cup 10\" href=\"http:\/\/www.lexikonovo.com\/?page_id=248\">Author Nova Cup 10<\/a>, <a title=\"Blato 05\" href=\"http:\/\/www.lexikonovo.com\/?page_id=259\">Blato 05<\/a>, <a title=\"Srn\u00ed, Z\u00e1\u0159\u00ed 2008\" href=\"http:\/\/www.lexikonovo.com\/?page_id=253\">Srn\u00ed 09<\/a><\/li>\n<li>2007 <a title=\"Hamr na Jeze\u0159e 06\" href=\"http:\/\/www.lexikonovo.com\/?page_id=271\">Hamr na Jeze\u0159e 06<\/a><\/li>\n<li>2006 <a title=\"Svat\u00fd J\u00e1n, Volby 2006\" href=\"http:\/\/www.lexikonovo.com\/?page_id=275\">Svat\u00fd J\u00e1n, Volby 2006<\/a><\/li>\n<\/ul>\n<p>Mapa spole\u010dn\u00fdch akc\u00ed : vytvo\u0159il a aktualizuje Hombr\u00e9 30.10.2018<br><img loading=\"lazy\" decoding=\"async\" class=\"alignright size-full wp-image-281\" title=\"Mapa spole\u010dn\u00fdch akc\u00ed : vytvo\u0159il a aktualizuje Hombr\u00e9: 30.10.2018\" src=\"http:\/\/www.lexikonovo.com\/wp-content\/uploads\/2018\/10\/mapa_cyklo.jpg\" alt=\"\" width=\"100\" height=\"100\"><\/p>\n<p>&nbsp;<\/p>\n\n\n\n<p><\/p>\n","protected":false},"excerpt":{"rendered":"<p>Zimn\u00ed akce: Saalbach 01\/2018 S\u00f6lden 01\/2016 Letn\u00ed akce: 2020 Tr\u00e9ninky mimo hlavn\u00ed akce 2008 &#8211; 2017 Dolda &#8211; jak \u0161el \u010das \u0160ternberk &#8211; 2017 + v\u00edce akc\u00ed 2025 Kun\u017eak 05 2025 2024 \u010cel\u00e1kovice 06 2024 2023 Mnichovo Hradi\u0161t\u011b 06 2023 &hellip; <a href=\"https:\/\/www.lexikonovo.com\/?page_id=54\">Cel\u00fd p\u0159\u00edsp\u011bvek <span class=\"meta-nav\">&rarr;<\/span><\/a><\/p>\n","protected":false},"author":1,"featured_media":0,"parent":0,"menu_order":0,"comment_status":"closed","ping_status":"closed","template":"","meta":{"ngg_post_thumbnail":0,"footnotes":""},"_links":{"self":[{"href":"https:\/\/www.lexikonovo.com\/index.php?rest_route=\/wp\/v2\/pages\/54"}],"collection":[{"href":"https:\/\/www.lexikonovo.com\/index.php?rest_route=\/wp\/v2\/pages"}],"about":[{"href":"https:\/\/www.lexikonovo.com\/index.php?rest_route=\/wp\/v2\/types\/page"}],"author":[{"embeddable":true,"href":"https:\/\/www.lexikonovo.com\/index.php?rest_route=\/wp\/v2\/users\/1"}],"replies":[{"embeddable":true,"href":"https:\/\/www.lexikonovo.com\/index.php?rest_route=%2Fwp%2Fv2%2Fcomments&post=54"}],"version-history":[{"count":156,"href":"https:\/\/www.lexikonovo.com\/index.php?rest_route=\/wp\/v2\/pages\/54\/revisions"}],"predecessor-version":[{"id":7692,"href":"https:\/\/www.lexikonovo.com\/index.php?rest_route=\/wp\/v2\/pages\/54\/revisions\/7692"}],"wp:attachment":[{"href":"https:\/\/www.lexikonovo.com\/index.php?rest_route=%2Fwp%2Fv2%2Fmedia&parent=54"}],"curies":[{"name":"wp","href":"https:\/\/api.w.org\/{rel}","templated":true}]}}