{"id":2,"date":"2011-01-15T01:23:38","date_gmt":"2011-01-15T01:23:38","guid":{"rendered":"http:\/\/radikovo.com\/?page_id=2"},"modified":"2020-06-20T17:17:57","modified_gmt":"2020-06-20T17:17:57","slug":"neco-o-me","status":"publish","type":"page","link":"https:\/\/www.lexikonovo.com\/?page_id=2","title":{"rendered":"."},"content":{"rendered":"<p>Str\u00e1nky obsahuj\u00ed soukrom\u00e1 data a obr\u00e1zky. Pou\u017eit\u00ed dat a obsahu jen se svolen\u00edm majitele str\u00e1nek.<\/p>\n<p>V souvislosti s \u00fa\u010dinnost\u00ed Na\u0159\u00edzen\u00ed Evropsk\u00e9ho Parlamentu a Rady (EU) 2016\/679 o ochran\u011b fyzick\u00fdch osob v souvislosti se zpracov\u00e1n\u00edm osobn\u00edch \u00fadaj\u016f a o voln\u00e9m pohybu t\u011bchto \u00fadaj\u016f (GDPR) si V\u00e1s dovoluj informovat, \u017ee jsem p\u0159ijal a aplikoval dostupn\u00e1 technick\u00e1 a procesn\u00ed opat\u0159en\u00ed, kter\u00e1 zabezpe\u010d\u00ed Va\u0161e data, kter\u00e1 pot\u0159ebuji k bezprost\u0159edn\u00edmu vykon\u00e1v\u00e1n\u00ed \u010dinnosti spojen\u00e9 s publikov\u00e1n\u00edm spole\u010dn\u00fdch informac\u00ed a medi\u00e1ln\u00edho obsahu. Ve\u0161ker\u00fd obsah webu je chr\u00e1n\u011bn heslem.<\/p>\n","protected":false},"excerpt":{"rendered":"<p>Str\u00e1nky obsahuj\u00ed soukrom\u00e1 data a obr\u00e1zky. Pou\u017eit\u00ed dat a obsahu jen se svolen\u00edm majitele str\u00e1nek. V souvislosti s \u00fa\u010dinnost\u00ed Na\u0159\u00edzen\u00ed Evropsk\u00e9ho Parlamentu a Rady (EU) 2016\/679 o ochran\u011b fyzick\u00fdch osob v souvislosti se zpracov\u00e1n\u00edm osobn\u00edch \u00fadaj\u016f a o voln\u00e9m pohybu &hellip; <a href=\"https:\/\/www.lexikonovo.com\/?page_id=2\">Cel\u00fd p\u0159\u00edsp\u011bvek <span class=\"meta-nav\">&rarr;<\/span><\/a><\/p>\n","protected":false},"author":1,"featured_media":0,"parent":0,"menu_order":3,"comment_status":"closed","ping_status":"closed","template":"","meta":{"ngg_post_thumbnail":0,"footnotes":""},"_links":{"self":[{"href":"https:\/\/www.lexikonovo.com\/index.php?rest_route=\/wp\/v2\/pages\/2"}],"collection":[{"href":"https:\/\/www.lexikonovo.com\/index.php?rest_route=\/wp\/v2\/pages"}],"about":[{"href":"https:\/\/www.lexikonovo.com\/index.php?rest_route=\/wp\/v2\/types\/page"}],"author":[{"embeddable":true,"href":"https:\/\/www.lexikonovo.com\/index.php?rest_route=\/wp\/v2\/users\/1"}],"replies":[{"embeddable":true,"href":"https:\/\/www.lexikonovo.com\/index.php?rest_route=%2Fwp%2Fv2%2Fcomments&post=2"}],"version-history":[{"count":52,"href":"https:\/\/www.lexikonovo.com\/index.php?rest_route=\/wp\/v2\/pages\/2\/revisions"}],"predecessor-version":[{"id":6741,"href":"https:\/\/www.lexikonovo.com\/index.php?rest_route=\/wp\/v2\/pages\/2\/revisions\/6741"}],"wp:attachment":[{"href":"https:\/\/www.lexikonovo.com\/index.php?rest_route=%2Fwp%2Fv2%2Fmedia&parent=2"}],"curies":[{"name":"wp","href":"https:\/\/api.w.org\/{rel}","templated":true}]}}