{"id":6876,"date":"2021-01-30T16:47:33","date_gmt":"2021-01-30T16:47:33","guid":{"rendered":"http:\/\/www.lexikonovo.com\/?page_id=6876"},"modified":"2021-01-30T17:23:44","modified_gmt":"2021-01-30T17:23:44","slug":"cyklo-2020-mimo-soustredeni","status":"publish","type":"page","link":"http:\/\/www.lexikonovo.com\/?page_id=6876","title":{"rendered":"Cyklo 2020 mimo soust\u0159ed\u011bn\u00ed"},"content":{"rendered":"","protected":true},"excerpt":{"rendered":"","protected":true},"author":2,"featured_media":0,"parent":0,"menu_order":0,"comment_status":"closed","ping_status":"closed","template":"","meta":{"ngg_post_thumbnail":0,"footnotes":""},"_links":{"self":[{"href":"http:\/\/www.lexikonovo.com\/index.php?rest_route=\/wp\/v2\/pages\/6876"}],"collection":[{"href":"http:\/\/www.lexikonovo.com\/index.php?rest_route=\/wp\/v2\/pages"}],"about":[{"href":"http:\/\/www.lexikonovo.com\/index.php?rest_route=\/wp\/v2\/types\/page"}],"author":[{"embeddable":true,"href":"http:\/\/www.lexikonovo.com\/index.php?rest_route=\/wp\/v2\/users\/2"}],"replies":[{"embeddable":true,"href":"http:\/\/www.lexikonovo.com\/index.php?rest_route=%2Fwp%2Fv2%2Fcomments&post=6876"}],"version-history":[{"count":3,"href":"http:\/\/www.lexikonovo.com\/index.php?rest_route=\/wp\/v2\/pages\/6876\/revisions"}],"predecessor-version":[{"id":6918,"href":"http:\/\/www.lexikonovo.com\/index.php?rest_route=\/wp\/v2\/pages\/6876\/revisions\/6918"}],"wp:attachment":[{"href":"http:\/\/www.lexikonovo.com\/index.php?rest_route=%2Fwp%2Fv2%2Fmedia&parent=6876"}],"curies":[{"name":"wp","href":"https:\/\/api.w.org\/{rel}","templated":true}]}}