{"id":6342,"date":"2019-05-18T18:14:08","date_gmt":"2019-05-18T18:14:08","guid":{"rendered":"http:\/\/www.lexikonovo.com\/?page_id=6342"},"modified":"2019-05-18T19:00:53","modified_gmt":"2019-05-18T19:00:53","slug":"marianske-lazne-kveten-2019","status":"publish","type":"page","link":"http:\/\/www.lexikonovo.com\/?page_id=6342","title":{"rendered":"Mari\u00e1nsk\u00e9 L\u00e1zn\u011b, Kv\u011bten 2019"},"content":{"rendered":"","protected":true},"excerpt":{"rendered":"","protected":true},"author":2,"featured_media":0,"parent":54,"menu_order":0,"comment_status":"closed","ping_status":"closed","template":"","meta":{"ngg_post_thumbnail":0,"footnotes":""},"_links":{"self":[{"href":"http:\/\/www.lexikonovo.com\/index.php?rest_route=\/wp\/v2\/pages\/6342"}],"collection":[{"href":"http:\/\/www.lexikonovo.com\/index.php?rest_route=\/wp\/v2\/pages"}],"about":[{"href":"http:\/\/www.lexikonovo.com\/index.php?rest_route=\/wp\/v2\/types\/page"}],"author":[{"embeddable":true,"href":"http:\/\/www.lexikonovo.com\/index.php?rest_route=\/wp\/v2\/users\/2"}],"replies":[{"embeddable":true,"href":"http:\/\/www.lexikonovo.com\/index.php?rest_route=%2Fwp%2Fv2%2Fcomments&post=6342"}],"version-history":[{"count":15,"href":"http:\/\/www.lexikonovo.com\/index.php?rest_route=\/wp\/v2\/pages\/6342\/revisions"}],"predecessor-version":[{"id":6368,"href":"http:\/\/www.lexikonovo.com\/index.php?rest_route=\/wp\/v2\/pages\/6342\/revisions\/6368"}],"up":[{"embeddable":true,"href":"http:\/\/www.lexikonovo.com\/index.php?rest_route=\/wp\/v2\/pages\/54"}],"wp:attachment":[{"href":"http:\/\/www.lexikonovo.com\/index.php?rest_route=%2Fwp%2Fv2%2Fmedia&parent=6342"}],"curies":[{"name":"wp","href":"https:\/\/api.w.org\/{rel}","templated":true}]}}