{"id":470,"date":"2015-11-09T09:25:55","date_gmt":"2015-11-09T09:25:55","guid":{"rendered":"http:\/\/www.lexikonovo.com\/?page_id=470"},"modified":"2017-04-10T14:05:56","modified_gmt":"2017-04-10T14:05:56","slug":"sternberk-1-10-2013","status":"publish","type":"page","link":"http:\/\/www.lexikonovo.com\/?page_id=470","title":{"rendered":"\u0160ternberk"},"content":{"rendered":"<p><strong>Otev\u0159en\u00ed \u0160ternberku  6.4.2017<\/strong><\/p>\n<p>Trasa : Lou\u0148ovice &#8211; \u0160ternberk a zp\u011bt, ze S\u00e1zavy po sm\u011bru<br \/>\nOb\u010derstven\u00ed : 2x S\u00e1zava (jak to, \u017ee u\u017e nem\u00e1me slevu?!)<br \/>\nD\u00e9lka trasy : 79km<br \/>\nPo\u010das\u00ed : polojasno 5-11st &#8211; druh\u00fd den pr\u0161elo (jako na podzim 2016)<br \/>\n\u0160t\u011bp\u00e1n dal dohromady j\u00e1dro biker\u016f: Bed\u00ed, Milda, \u0160t\u011bp\u00e1n, Honza, Dolda<br \/>\nZvl\u00e1\u0161tn\u00ed p\u0159\u00edprava : RUM a ne m\u00e1lo \ud83d\ude09<\/p>\nngg_shortcode_0_placeholder\n<p><strong>Zav\u00edr\u00e1n\u00ed \u0160ternberku  18.11.2016<\/strong><\/p>\n<p>Trasa : Lou\u0148ovice &#8211; \u0160ternberk a zp\u011bt, ze S\u00e1zavy v opa\u010dn\u00e9m sm\u011bru<br \/>\nD\u00e9lka trasy : 79-80km<br \/>\nPo\u010das\u00ed : polojasno 8-12st &#8211; po\u010das\u00ed byla dost klika, druh\u00fd den pr\u0161elo<br \/>\nOp\u011bt se \u0160t\u011bp\u00e1novi poda\u0159ilo sehnat v\u00edce biker\u016f: Bed\u00ed, Milda, \u0160t\u011bp\u00e1n, Honza, Dolda a David<\/p>\n<p>Bed\u00ed klasika jako v\u017edy. Pr\u00fd &#8222;m\u00e1m probl\u00e9m s achylovkou&#8220; , no vid\u011bt to nebylo!! <\/p>\nngg_shortcode_1_placeholder\n<p><strong>Zav\u00edr\u00e1n\u00ed \u0160ternberku  4.11.2015<\/strong><\/p>\n<p>Trasa : Lou\u0148ovice &#8211; \u0160ternberk a zp\u011bt, ze S\u00e1zavy v opa\u010dn\u00e9m sm\u011bru<br \/>\nD\u00e9lka trasy : 79km<br \/>\nPo\u010das\u00ed : jasno 4-8st<br \/>\nTer\u00e9n: nahoru a dolu, jako v\u017edy<br \/>\nTentokr\u00e1t ve v\u011bt\u0161\u00edm po\u010dtu Bed\u00ed, Milda, \u0160t\u011bp\u00e1n, Honza a Dolda<br \/>\nBed\u00ed op\u011bt potvrdil pov\u011bst &#8222;robotka&#8220; a hlavn\u011b do kopce n\u00e1m uj\u00ed\u017ed\u011bl a vracel se pro n\u00e1s.<br \/>\nJe\u0161t\u011b, \u017ee si d\u00e1val pravideln\u011b cig\u00e1rko, nev\u00edm co by se jinak d\u011blo \ud83d\ude42<\/p>\nngg_shortcode_2_placeholder\n<p><strong>Otev\u00edr\u00e1n\u00ed \u0160ternberku jaro 10.4.2014<\/strong><\/p>\n<p>Trasa : \u017dernovka Ml\u00fdn Pataki &#8211; \u0160ternberk a zp\u011bt<br \/>\nD\u00e9lka trasy : 85km, dle GPS 84km<br \/>\nPo\u010das\u00ed : zata\u017eeno\/polojasno 8-11st., r\u00e1no d\u00e9\u0161\u0165 a kroupy<br \/>\nTer\u00e9n: nahoru a dolu, jako loni<br \/>\nTentokr\u00e1t siln\u00e9 j\u00e1dro Dolda a \u0160t\u011bp\u00e1n + p\u0159\u00edt\u011b\u017e Honza a Ruda \ud83d\ude09<\/p>\nngg_shortcode_3_placeholder\n<p><strong>Zav\u00edr\u00e1n\u00ed \u0160ternberku podzim 1.10.2013<\/strong><\/p>\n<p>Trasa : Lou\u0148ovice &#8211; \u0160ternberk a zp\u011bt<br \/>\nD\u00e9lka trasy : 83km, dle GPS 79,60km<br \/>\nPo\u010das\u00ed : slune\u010dno 8-14st.<br \/>\nTer\u00e9n: nahoru a dolu, je t\u0159eba vid\u011bt S\u00e1zavu n\u011bkolikr\u00e1t za sebou \ud83d\ude09<br \/>\nKrize: Lexikon cca 71km, ale rozdejchal to !<\/p>\nngg_shortcode_4_placeholder\n","protected":false},"excerpt":{"rendered":"<p>Otev\u0159en\u00ed \u0160ternberku 6.4.2017 Trasa : Lou\u0148ovice &#8211; \u0160ternberk a zp\u011bt, ze S\u00e1zavy po sm\u011bru Ob\u010derstven\u00ed : 2x S\u00e1zava (jak to, \u017ee u\u017e nem\u00e1me slevu?!) D\u00e9lka trasy : 79km Po\u010das\u00ed : polojasno 5-11st &#8211; druh\u00fd den pr\u0161elo (jako na podzim 2016) &hellip; <a href=\"http:\/\/www.lexikonovo.com\/?page_id=470\">Cel\u00fd p\u0159\u00edsp\u011bvek <span class=\"meta-nav\">&rarr;<\/span><\/a><\/p>\n","protected":false},"author":2,"featured_media":0,"parent":54,"menu_order":0,"comment_status":"closed","ping_status":"closed","template":"","meta":{"ngg_post_thumbnail":0,"footnotes":""},"_links":{"self":[{"href":"http:\/\/www.lexikonovo.com\/index.php?rest_route=\/wp\/v2\/pages\/470"}],"collection":[{"href":"http:\/\/www.lexikonovo.com\/index.php?rest_route=\/wp\/v2\/pages"}],"about":[{"href":"http:\/\/www.lexikonovo.com\/index.php?rest_route=\/wp\/v2\/types\/page"}],"author":[{"embeddable":true,"href":"http:\/\/www.lexikonovo.com\/index.php?rest_route=\/wp\/v2\/users\/2"}],"replies":[{"embeddable":true,"href":"http:\/\/www.lexikonovo.com\/index.php?rest_route=%2Fwp%2Fv2%2Fcomments&post=470"}],"version-history":[{"count":20,"href":"http:\/\/www.lexikonovo.com\/index.php?rest_route=\/wp\/v2\/pages\/470\/revisions"}],"predecessor-version":[{"id":520,"href":"http:\/\/www.lexikonovo.com\/index.php?rest_route=\/wp\/v2\/pages\/470\/revisions\/520"}],"up":[{"embeddable":true,"href":"http:\/\/www.lexikonovo.com\/index.php?rest_route=\/wp\/v2\/pages\/54"}],"wp:attachment":[{"href":"http:\/\/www.lexikonovo.com\/index.php?rest_route=%2Fwp%2Fv2%2Fmedia&parent=470"}],"curies":[{"name":"wp","href":"https:\/\/api.w.org\/{rel}","templated":true}]}}