{"id":227,"date":"2012-07-16T09:04:28","date_gmt":"2012-07-16T09:04:28","guid":{"rendered":"http:\/\/www.lexikonovo.com\/?page_id=227"},"modified":"2012-07-16T09:25:12","modified_gmt":"2012-07-16T09:25:12","slug":"marianske-lazne-zari-2009","status":"publish","type":"page","link":"http:\/\/www.lexikonovo.com\/?page_id=227","title":{"rendered":"Mari\u00e1nsk\u00e9 L\u00e1zn\u011b, Z\u00e1\u0159\u00ed 2009"},"content":{"rendered":"","protected":true},"excerpt":{"rendered":"","protected":true},"author":2,"featured_media":0,"parent":54,"menu_order":0,"comment_status":"closed","ping_status":"closed","template":"","meta":{"ngg_post_thumbnail":0,"footnotes":""},"_links":{"self":[{"href":"http:\/\/www.lexikonovo.com\/index.php?rest_route=\/wp\/v2\/pages\/227"}],"collection":[{"href":"http:\/\/www.lexikonovo.com\/index.php?rest_route=\/wp\/v2\/pages"}],"about":[{"href":"http:\/\/www.lexikonovo.com\/index.php?rest_route=\/wp\/v2\/types\/page"}],"author":[{"embeddable":true,"href":"http:\/\/www.lexikonovo.com\/index.php?rest_route=\/wp\/v2\/users\/2"}],"replies":[{"embeddable":true,"href":"http:\/\/www.lexikonovo.com\/index.php?rest_route=%2Fwp%2Fv2%2Fcomments&post=227"}],"version-history":[{"count":6,"href":"http:\/\/www.lexikonovo.com\/index.php?rest_route=\/wp\/v2\/pages\/227\/revisions"}],"predecessor-version":[{"id":245,"href":"http:\/\/www.lexikonovo.com\/index.php?rest_route=\/wp\/v2\/pages\/227\/revisions\/245"}],"up":[{"embeddable":true,"href":"http:\/\/www.lexikonovo.com\/index.php?rest_route=\/wp\/v2\/pages\/54"}],"wp:attachment":[{"href":"http:\/\/www.lexikonovo.com\/index.php?rest_route=%2Fwp%2Fv2%2Fmedia&parent=227"}],"curies":[{"name":"wp","href":"https:\/\/api.w.org\/{rel}","templated":true}]}}