{"id":1008,"date":"2016-05-18T12:36:19","date_gmt":"2016-05-18T12:36:19","guid":{"rendered":"http:\/\/www.lexikonovo.com\/?page_id=1008"},"modified":"2016-06-03T10:04:02","modified_gmt":"2016-06-03T10:04:02","slug":"cesky-raj-05-2016","status":"publish","type":"page","link":"http:\/\/www.lexikonovo.com\/?page_id=1008","title":{"rendered":"\u010cesk\u00fd R\u00e1j 05 2016"},"content":{"rendered":"","protected":true},"excerpt":{"rendered":"","protected":true},"author":2,"featured_media":0,"parent":54,"menu_order":0,"comment_status":"closed","ping_status":"closed","template":"","meta":{"ngg_post_thumbnail":0,"footnotes":""},"_links":{"self":[{"href":"http:\/\/www.lexikonovo.com\/index.php?rest_route=\/wp\/v2\/pages\/1008"}],"collection":[{"href":"http:\/\/www.lexikonovo.com\/index.php?rest_route=\/wp\/v2\/pages"}],"about":[{"href":"http:\/\/www.lexikonovo.com\/index.php?rest_route=\/wp\/v2\/types\/page"}],"author":[{"embeddable":true,"href":"http:\/\/www.lexikonovo.com\/index.php?rest_route=\/wp\/v2\/users\/2"}],"replies":[{"embeddable":true,"href":"http:\/\/www.lexikonovo.com\/index.php?rest_route=%2Fwp%2Fv2%2Fcomments&post=1008"}],"version-history":[{"count":10,"href":"http:\/\/www.lexikonovo.com\/index.php?rest_route=\/wp\/v2\/pages\/1008\/revisions"}],"predecessor-version":[{"id":1308,"href":"http:\/\/www.lexikonovo.com\/index.php?rest_route=\/wp\/v2\/pages\/1008\/revisions\/1308"}],"up":[{"embeddable":true,"href":"http:\/\/www.lexikonovo.com\/index.php?rest_route=\/wp\/v2\/pages\/54"}],"wp:attachment":[{"href":"http:\/\/www.lexikonovo.com\/index.php?rest_route=%2Fwp%2Fv2%2Fmedia&parent=1008"}],"curies":[{"name":"wp","href":"https:\/\/api.w.org\/{rel}","templated":true}]}}